{"id":10,"date":"2026-03-12T14:16:16","date_gmt":"2026-03-12T14:16:16","guid":{"rendered":"https:\/\/misumisu.com.tr\/?page_id=10"},"modified":"2026-03-12T14:17:29","modified_gmt":"2026-03-12T14:17:29","slug":"misumisu-her-lokmada-mutluluk","status":"publish","type":"page","link":"https:\/\/misumisu.com.tr\/","title":{"rendered":"Mis\u00f9Mis\u00f9 \u2013 Her Lokmada Mutluluk"},"content":{"rendered":"\n<p>El yap\u0131m\u0131 tiramisu ve sandvi\u00e7ler.<\/p>\n\n\n\n<p>G\u00fcnl\u00fck taze haz\u0131rlanan tatl\u0131lar\u0131m\u0131zla<br>her lokmada mutluluk sunuyoruz.<\/p>\n\n\n\n<figure class=\"wp-block-image size-full\"><img fetchpriority=\"high\" decoding=\"async\" width=\"1024\" height=\"1024\" src=\"https:\/\/misumisu.com.tr\/wp-content\/uploads\/2026\/03\/40AA33D3-768F-425A-90B7-61A91BBFBA5C.png\" alt=\"\" class=\"wp-image-11\" srcset=\"https:\/\/misumisu.com.tr\/wp-content\/uploads\/2026\/03\/40AA33D3-768F-425A-90B7-61A91BBFBA5C.png 1024w, https:\/\/misumisu.com.tr\/wp-content\/uploads\/2026\/03\/40AA33D3-768F-425A-90B7-61A91BBFBA5C-300x300.png 300w, https:\/\/misumisu.com.tr\/wp-content\/uploads\/2026\/03\/40AA33D3-768F-425A-90B7-61A91BBFBA5C-150x150.png 150w, https:\/\/misumisu.com.tr\/wp-content\/uploads\/2026\/03\/40AA33D3-768F-425A-90B7-61A91BBFBA5C-768x768.png 768w\" sizes=\"(max-width: 1024px) 100vw, 1024px\" \/><\/figure>\n\n\n\n<div class=\"wp-block-buttons is-layout-flex wp-block-buttons-is-layout-flex\">\n<div class=\"wp-block-button\"><a class=\"wp-block-button__link wp-element-button\">Sipari\u015f Ver<\/a><\/div>\n<\/div>\n\n\n\n<div class=\"wp-block-buttons is-layout-flex wp-block-buttons-is-layout-flex\"><\/div>\n\n\n\n<div class=\"wp-block-buttons is-layout-flex wp-block-buttons-is-layout-flex\"><\/div>\n","protected":false},"excerpt":{"rendered":"<p>El yap\u0131m\u0131 tiramisu ve sandvi\u00e7ler. G\u00fcnl\u00fck taze haz\u0131rlanan tatl\u0131lar\u0131m\u0131zlaher lokmada mutluluk sunuyoruz.<\/p>\n","protected":false},"author":1,"featured_media":0,"parent":0,"menu_order":0,"comment_status":"closed","ping_status":"closed","template":"","meta":{"_kad_post_transparent":"","_kad_post_title":"","_kad_post_layout":"","_kad_post_sidebar_id":"","_kad_post_content_style":"","_kad_post_vertical_padding":"","_kad_post_feature":"","_kad_post_feature_position":"","_kad_post_header":false,"_kad_post_footer":false,"_kad_post_classname":"","footnotes":""},"class_list":["post-10","page","type-page","status-publish","hentry"],"_links":{"self":[{"href":"https:\/\/misumisu.com.tr\/index.php?rest_route=\/wp\/v2\/pages\/10","targetHints":{"allow":["GET"]}}],"collection":[{"href":"https:\/\/misumisu.com.tr\/index.php?rest_route=\/wp\/v2\/pages"}],"about":[{"href":"https:\/\/misumisu.com.tr\/index.php?rest_route=\/wp\/v2\/types\/page"}],"author":[{"embeddable":true,"href":"https:\/\/misumisu.com.tr\/index.php?rest_route=\/wp\/v2\/users\/1"}],"replies":[{"embeddable":true,"href":"https:\/\/misumisu.com.tr\/index.php?rest_route=%2Fwp%2Fv2%2Fcomments&post=10"}],"version-history":[{"count":2,"href":"https:\/\/misumisu.com.tr\/index.php?rest_route=\/wp\/v2\/pages\/10\/revisions"}],"predecessor-version":[{"id":14,"href":"https:\/\/misumisu.com.tr\/index.php?rest_route=\/wp\/v2\/pages\/10\/revisions\/14"}],"wp:attachment":[{"href":"https:\/\/misumisu.com.tr\/index.php?rest_route=%2Fwp%2Fv2%2Fmedia&parent=10"}],"curies":[{"name":"wp","href":"https:\/\/api.w.org\/{rel}","templated":true}]}}